{"id":2293,"date":"2021-11-16T11:40:53","date_gmt":"2021-11-16T10:40:53","guid":{"rendered":"https:\/\/www.festigual.com\/?page_id=2293"},"modified":"2021-11-19T12:15:15","modified_gmt":"2021-11-19T11:15:15","slug":"arteesaude","status":"publish","type":"page","link":"https:\/\/www.festigual.gal\/es\/arteesaude\/","title":{"rendered":"arteesaude"},"content":{"rendered":"\n<div class=\"wp-block-group\"><div class=\"wp-block-group__inner-container\">\n<div class=\"wp-block-image is-style-default\"><figure class=\"aligncenter size-large\"><img loading=\"lazy\" width=\"1024\" height=\"267\" src=\"https:\/\/www.festigual.com\/wp-content\/uploads\/2021\/10\/cabecera_logo.png\" alt=\"Logotipo del Festigual, Artes inclusivas\" class=\"wp-image-1846\" srcset=\"https:\/\/www.festigual.gal\/wp-content\/uploads\/2021\/10\/cabecera_logo.png 1024w, https:\/\/www.festigual.gal\/wp-content\/uploads\/2021\/10\/cabecera_logo-300x78.png 300w, https:\/\/www.festigual.gal\/wp-content\/uploads\/2021\/10\/cabecera_logo-768x200.png 768w, https:\/\/www.festigual.gal\/wp-content\/uploads\/2021\/10\/cabecera_logo-800x209.png 800w\" sizes=\"(max-width: 1024px) 100vw, 1024px\" \/><\/figure><\/div>\n<\/div><\/div>\n\n<div class=\"wp-block-buttons aligncenter\">\n<div class=\"wp-block-button\"><a class=\"wp-block-button__link has-text-color has-background\" href=\"https:\/\/www.facebook.com\/Festigual-113249367206527\" style=\"border-radius:2px;background-color:#3b5998;color:#fffffa\" target=\"_blank\" rel=\"noreferrer noopener\">FACEBOOK<\/a><\/div>\n\n\n\n<div class=\"wp-block-button is-style-outline\"><a class=\"wp-block-button__link has-cnt-bg-color has-text-color has-background no-border-radius\" href=\"https:\/\/www.instagram.com\/festigual\/\" style=\"background-color:#c1167d\" target=\"_blank\" rel=\"noreferrer noopener\">INSTAGRAM<\/a><\/div>\n<\/div>\n\n<div class=\"wp-block-group alignfull cta-grande has-background\" style=\"background-color:#d7090d\"><div class=\"wp-block-group__inner-container\">\n<p class=\"has-text-align-center has-cnt-bg-color has-text-color has-large-font-size\"><strong>JORNADA ARTE Y SALUD<\/strong><\/p>\n<\/div><\/div>\n\n<div style=\"height:30px\" aria-hidden=\"true\" class=\"wp-block-spacer\"><\/div>\n\n<p class=\"has-text-color has-medium-font-size\" style=\"color:#000000\">Visibilizaci\u00f3n del arte y la creaci\u00f3n como herramienta para la salud comunitaria<br\/>Coordinaci\u00f3n y  creaci\u00f3n del contenido: Rebeca Ponte y Carlota P\u00e9rez. <\/p>\n\n<p><\/p>\n\n<h2 class=\"has-text-align-left no-padding-top has-text-color\" style=\"color:#e20910\"><em>20 de noviembre<\/em> &#8211; Fundaci\u00f3n Luis Seoane<\/h2>\n\n<p class=\"has-text-align-left has-cnt-color has-text-color\" style=\"font-size:17px\"><span style=\"color:#e20910\" class=\"has-inline-color\">\u2022 10.00 h<\/span><br\/>Presentaci\u00f3n a cargo de la concejala D\u00aa Yoya Neira Fern\u00e1ndez<\/p>\n\n<p class=\"has-text-align-left has-cnt-color has-text-color\" style=\"font-size:17px\"><span style=\"color:#e20910\" class=\"has-inline-color\">\u2022 10.10 h<\/span><br\/>Mesa de reflexi\u00f3n<br\/><em>\u00abCreaci\u00f3n Art\u00edstica y Salud Comunitaria\u00bb<\/em><br\/>Xacobe Mart\u00ednez y Susana Gonz\u00e1lez<\/p>\n\n<p class=\"has-text-align-left has-cnt-color has-text-color\" style=\"font-size:17px\"><span style=\"color:#e20910\" class=\"has-inline-color\">\u2022 10.50 h<\/span><br\/>Conferencia<br\/><em>\u00abMuseos. Dentro-fuera. Experiencias Inclusivas\u00bb<\/em><br\/>Ana Rosa S\u00e1nchez Velasco<\/p>\n\n<p class=\"has-text-align-left has-cnt-color has-text-color\" style=\"font-size:17px\"><span style=\"color:#e20910\" class=\"has-inline-color\">\u2022 11.20 h<\/span><br\/>DESCANSO<\/p>\n\n<p class=\"has-text-align-left has-cnt-color has-text-color\" style=\"font-size:17px\"><span style=\"color:#e20910\" class=\"has-inline-color\">\u2022 11.35 h<\/span><br\/>Mesa de reflexi\u00f3n 1<br\/><em>\u00abArte y m\u00fasica en la humanizaci\u00f3n de la sanidad p\u00fablica\u00bb<\/em><br\/>Mar\u00eda Granell, Maribel Rodr\u00edguez y Ang\u00e9lica Lij\u00f3<\/p>\n\n<p class=\"has-text-align-left has-cnt-color has-text-color\" style=\"font-size:17px\"><span style=\"color:#e20910\" class=\"has-inline-color\">\u2022 12.15 h<\/span><br\/>Mesa de reflexi\u00f3n 2<br\/><em>\u00abArte y aislamiento en pacientes transplantados de m\u00e9dula \u00f3sea. TrasplantArte libro de Experiencia vital\u00bb<\/em><br\/>Dra. Clara Olveira, Dra. M\u00aa Fernanda L\u00f3pez, Maribel Rodr\u00edguez, Cristina Pi\u00f1eiro, Iria Rodr\u00edguez, Rebeca Ponte y Lidia Mera<\/p>\n\n<p class=\"has-text-align-left has-cnt-color has-text-color\" style=\"font-size:17px\"><span style=\"color:#e20910\" class=\"has-inline-color\">\u2022 13.15 h<\/span><br\/>Conferencia<br\/><em>\u00abArteterapia y Salud Mental\u00bb<\/em><br\/>Mar\u00eda del R\u00edo<\/p>\n\n<p class=\"has-text-align-left has-cnt-color has-text-color\" style=\"font-size:17px\"><span style=\"color:#e20910\" class=\"has-inline-color\">\u2022 16.30 h<\/span><br\/>Obradoiro<br\/><em>\u00abUn lugar para el cuerpo. Performance art desde una metodolog\u00eda arteterap\u00e9utica\u00bb<\/em><br\/>Ana Rosa S\u00e1nchez Velasco<\/p>\n\n<p class=\"has-text-align-left has-cnt-color has-text-color\" style=\"font-size:17px\"><span style=\"color:#e20910\" class=\"has-inline-color\">\u2022 18.30 h<\/span><br\/>Taller<br\/><em>\u00abConect-ARTE con tu propia voz\u00bb<\/em><br\/>Rebeca Ponte<\/p>\n\n<p class=\"has-text-align-center has-cnt-color has-text-color has-medium-font-size\"><strong>Inscripciones en <em><a href=\"mailto:festigual.coruna@gmail.com\">festigual.coruna@gmail.com<\/a><\/em><\/strong><\/p>\n\n<p class=\"has-text-align-center no-padding no-margim-bottom has-cnt-bg-color has-text-color has-background has-normal-font-size\" style=\"background-color:#e0070e\"><strong><em><a href=\"https:\/\/www.festigual.com\/wp-content\/uploads\/2020\/11\/CARTEL_ARTE-TERAPIA_festigual21_A4_3pax_V2.pdf\">descarga aqu\u00ed el programa<\/a><\/em><\/strong><\/p>\n\n<p class=\"has-text-align-center has-cnt-color has-text-color has-medium-font-size\"><strong>PONENTES<\/strong><\/p>\n\n<p class=\"has-text-align-left has-cnt-color has-text-color\" style=\"font-size:17px\"><span style=\"color:#e20910\" class=\"has-inline-color\">\u2022 D.\u00aa Yoya Neira Fern\u00e1ndez<\/span><br\/>Segunda teniente de alcaldesa del Ayuntamiento de A Coru\u00f1a. Concejala de Igualdad, Bienestar Social y Participaci\u00f3n.<\/p>\n\n<p class=\"has-text-align-left has-cnt-color has-text-color\" style=\"font-size:17px\"><span style=\"color:#e20910\" class=\"has-inline-color\">\u2022 Xacobe Mart\u00ednez Antelo<\/span><br\/>M\u00fasico y Compositor. Improvisaci\u00f3n SoundPainting en proyectos inclusivos y en los Servicios de Psiquiatr\u00eda.<\/p>\n\n<p class=\"has-text-align-left has-cnt-color has-text-color\" style=\"font-size:17px\"><span style=\"color:#e20910\" class=\"has-inline-color\">\u2022 Ana Rosa S\u00e1nchez Velasco<\/span><br\/>Licenciada en Belas Artes. Doutorada en Aplicaci\u00f3ns do Arte ao \u00e1mbito social, terapia e educaci\u00f3n. Proxectos Terap\u00e9uticos para o Museo de Belas Artes de Bilbao e o Museo Oteiza.<\/p>\n\n<p class=\"has-text-align-left has-cnt-color has-text-color\" style=\"font-size:17px\"><span style=\"color:#e20910\" class=\"has-inline-color\">\u2022 Susana Gonz\u00e1lez<\/span><br\/>Directora Colecci\u00f3n de arte Fundaci\u00f3n Mar\u00eda Jos\u00e9 Jove. Premio de Investigaci\u00f3n y Ensayo Aplicaciones Terap\u00e9uticas del Arte.<\/p>\n\n<p class=\"has-text-align-left has-cnt-color has-text-color\" style=\"font-size:17px\"><span style=\"color:#e20910\" class=\"has-inline-color\">\u2022 \u00c1lvaro Prats Bertomeu<\/span><br\/>Licenciado en Filosof\u00eda y Antropolog\u00eda. Profesor del M\u00e1ster de Arteterapia en la Facultad de Girona y colaborador de universidades como UdG, EUSES, INEFC. Arte\/danzaterapeuta.<\/p>\n\n<p class=\"has-text-align-left has-cnt-color has-text-color\" style=\"font-size:17px\"><span style=\"color:#e20910\" class=\"has-inline-color\">\u2022 Mar\u00eda Granell<\/span><br\/>Psic\u00f3loga Cl\u00ednica de la Unidad de Cuidados Paliativos del Hospital de Oza.<\/p>\n\n<p class=\"has-text-align-left has-cnt-color has-text-color\" style=\"font-size:17px\"><span style=\"color:#e20910\" class=\"has-inline-color\">\u2022 Maribel Rodr\u00edguez Parga<\/span><br\/>Supervisora Jefa de Enfermer\u00eda planta de Hematolog\u00eda del CHUAC.<\/p>\n\n<p class=\"has-text-align-left has-cnt-color has-text-color\" style=\"font-size:17px\"><span style=\"color:#e20910\" class=\"has-inline-color\">\u2022 Ang\u00e9lica Lij\u00f3<\/span><br\/>Supervisora Jefa de Enfermer\u00eda de la Unidad de Cuidados Paliativos del Hospital de Oza.<\/p>\n\n<p class=\"has-text-align-left has-cnt-color has-text-color\" style=\"font-size:17px\"><span style=\"color:#e20910\" class=\"has-inline-color\">\u2022 Dra. Clara Olveira Lorenzo<\/span><br\/>Subdirectora de Calidad Asistencial del Sergas. \u00c1rea Sanitaria de A Coru\u00f1a.<\/p>\n\n<p class=\"has-text-align-left has-cnt-color has-text-color\" style=\"font-size:17px\"><span style=\"color:#e20910\" class=\"has-inline-color\">\u2022 Dra. M\u00aa Fernanda L\u00f3pez Fern\u00e1ndez<\/span><br\/>Jefa del Servicio de Hematolog\u00eda y Hemoterapia. \u00c1rea Sanitaria de A Coru\u00f1a.<\/p>\n\n<p class=\"has-text-align-left has-cnt-color has-text-color\" style=\"font-size:17px\"><span style=\"color:#e20910\" class=\"has-inline-color\">\u2022 Cristina Pi\u00f1eiro<\/span><br\/>Presidenta de la Asociaci\u00f3n ASOTRAME.<\/p>\n\n<p class=\"has-text-align-left has-cnt-color has-text-color\" style=\"font-size:17px\"><span style=\"color:#e20910\" class=\"has-inline-color\">\u2022 Iria Rodr\u00edguez Seijo<\/span><br\/>Paciente Oncohematol\u00f3gica.<\/p>\n\n<p class=\"has-text-align-left has-cnt-color has-text-color\" style=\"font-size:17px\"><span style=\"color:#e20910\" class=\"has-inline-color\">\u2022 Lidia Mera Ares<\/span><br\/>Paciente oncohematol\u00f3gica.<\/p>\n\n<p class=\"has-text-align-left has-cnt-color has-text-color\" style=\"font-size:17px\"><span style=\"color:#e20910\" class=\"has-inline-color\">\u2022 Mar\u00eda del R\u00edo Di\u00e9guez<\/span><br\/>Departamento de Educaci\u00f3n Art\u00edstica, Pl\u00e1stica y Visual de la Universidad Aut\u00f3noma de Madrid. Doctora en Bellas Artes (UCM) Docente del M\u00e1ster de Arteterapia Integrativa e Intervenci\u00f3n Social de la UCM. Doctorado en Educaci\u00f3n. Docente del M\u00e1ster de Arteterapia Integrativa de la Universidad de Girona. Investigadora y escritora. Responsable doel proyecto arteterap\u00e9utico aplicado en el Hospital Puerta de Hierro en los Departamentos de Psiquiatr\u00eda, Pediatr\u00eda y Neurolog\u00eda dende 2002. Responsable de los proyectos arteterap\u00e9uticos en el Servicio de Psiquiatr\u00eda del Hospital La Paz desde 2013.<\/p>\n\n<p class=\"has-text-align-left has-cnt-color has-text-color\" style=\"font-size:17px\"><span style=\"color:#e20910\" class=\"has-inline-color\">\u2022 Rebeca Ponte<\/span><br\/>Especialista en Artes terap\u00e9uticas. Posgrado y M\u00e1ster en Arteterapia Integrativa Facultade de Girona. Historia do Arte. Artes Pl\u00e1sticas. Pionera en el dise\u00f1o e implantaci\u00f3n de proyectos arteterap\u00e9uticos a pie de cama en plantas hospitalarias en la Sanidad P\u00fablica en Galicia (Oncolog\u00eda, Hematolog\u00eda, Cuidados Paliativos entre otros). Docente en proyectos de Artes Esc\u00e9nicas Inclusivas y compositora.<\/p>\n\n<div class=\"wp-block-image is-style-default\"><figure class=\"aligncenter size-large is-resized\"><img loading=\"lazy\" src=\"https:\/\/www.festigual.com\/wp-content\/uploads\/2020\/10\/Cabeceira_Festigual-1024x378.jpg\" alt=\"\" class=\"wp-image-391\" width=\"683\" height=\"252\" srcset=\"https:\/\/www.festigual.gal\/wp-content\/uploads\/2020\/10\/Cabeceira_Festigual-1024x378.jpg 1024w, https:\/\/www.festigual.gal\/wp-content\/uploads\/2020\/10\/Cabeceira_Festigual-300x111.jpg 300w, https:\/\/www.festigual.gal\/wp-content\/uploads\/2020\/10\/Cabeceira_Festigual-768x284.jpg 768w, https:\/\/www.festigual.gal\/wp-content\/uploads\/2020\/10\/Cabeceira_Festigual-1536x567.jpg 1536w, https:\/\/www.festigual.gal\/wp-content\/uploads\/2020\/10\/Cabeceira_Festigual-800x295.jpg 800w, https:\/\/www.festigual.gal\/wp-content\/uploads\/2020\/10\/Cabeceira_Festigual.jpg 1920w\" sizes=\"(max-width: 683px) 100vw, 683px\" \/><\/figure><\/div>\n\n<div class=\"wp-block-columns bloque-logos\">\n<div class=\"wp-block-column\" style=\"flex-basis:25%\">\n<div class=\"wp-block-group\"><div class=\"wp-block-group__inner-container\">\n<h6 class=\"has-cnt-bg-color has-text-color has-background\" style=\"background-color:#f58113\">Organizan:<\/h6>\n\n\n\n<p><\/p>\n<\/div><\/div>\n\n\n\n<div class=\"wp-block-columns are-vertically-aligned-center\">\n<div class=\"wp-block-column is-vertically-aligned-center\">\n<figure class=\"wp-block-image size-large is-resized\"><a href=\"https:\/\/www.coruna.gal\/web\/gl\/concello\/goberno\/concellerias\/igualdade-benestar-social-e-participacion-cidada\"><img loading=\"lazy\" src=\"https:\/\/www.festigual.com\/wp-content\/uploads\/2020\/10\/concello.png\" alt=\"imagen del logotipo del concello da coru&#xF1;a\" class=\"wp-image-384\" width=\"71\" height=\"70\"\/><\/a><\/figure><\/div>\n\n\n\n<div class=\"wp-block-column is-vertically-aligned-center\">\n<figure class=\"wp-block-image size-large is-resized\"><a href=\"https:\/\/fundacionemalcsa.org\/\"><img loading=\"lazy\" src=\"https:\/\/www.festigual.com\/wp-content\/uploads\/2020\/10\/emalcsa.png\" alt=\"imagen del logotipo de la fundaci&#xF3;n emalcsa\" class=\"wp-image-383\" width=\"128\" height=\"70\"\/><\/a><\/figure><\/div>\n<\/div>\n<\/div>\n\n\n\n<div class=\"wp-block-column\">\n<div class=\"wp-block-group\"><div class=\"wp-block-group__inner-container\">\n<h6 class=\"has-cnt-bg-color has-text-color has-background\" style=\"background-color:#a3e169\">Colaboran:<\/h6>\n\n\n\n<p><\/p>\n<\/div><\/div>\n\n\n\n<div class=\"wp-block-columns are-vertically-aligned-center\">\n<div class=\"wp-block-column is-vertically-aligned-center\">\n<figure class=\"wp-block-image size-large is-resized\"><a href=\"https:\/\/www.dacoruna.gal\/portada\/\"><img loading=\"lazy\" src=\"https:\/\/www.festigual.com\/wp-content\/uploads\/2020\/10\/deputacion.png\" alt=\"\" class=\"wp-image-385\" width=\"150\" height=\"70\"\/><\/a><\/figure><\/div>\n\n\n\n<div class=\"wp-block-column is-vertically-aligned-center\">\n<figure class=\"wp-block-image size-large is-resized\"><a href=\"https:\/\/www.fundacionmariajosejove.org\/\"><img loading=\"lazy\" src=\"https:\/\/www.festigual.com\/wp-content\/uploads\/2020\/10\/fundjove.png\" alt=\"imagen del logotipo de la fundaci&#xF3;n mar&#xED;a jos&#xE9; jove\" class=\"wp-image-390\" width=\"180\" height=\"70\"\/><\/a><\/figure><\/div>\n\n\n\n<div class=\"wp-block-column is-vertically-aligned-center\">\n<figure class=\"wp-block-image size-large is-resized\"><a href=\"https:\/\/www.vegalsa.es\/es\/index.php\"><img loading=\"lazy\" src=\"https:\/\/www.festigual.com\/wp-content\/uploads\/2020\/10\/vegalsa.png\" alt=\"imagen del logotipo de vegalsa\" class=\"wp-image-389\" width=\"134\" height=\"70\"\/><\/a><\/figure><\/div>\n<\/div>\n<\/div>\n\n\n\n<div class=\"wp-block-column\" style=\"flex-basis:25%\">\n<div class=\"wp-block-group\"><div class=\"wp-block-group__inner-container\">\n<h6 class=\"has-text-align-center has-cnt-bg-background-color has-text-color has-background\" style=\"color:#1eb1ef\">Gestiona:<\/h6>\n\n\n\n<p><\/p>\n<\/div><\/div>\n\n\n\n<div class=\"wp-block-columns\">\n<div class=\"wp-block-column\">\n<div class=\"wp-block-image\"><figure class=\"aligncenter size-large is-resized\"><a href=\"http:\/\/www.culturactiva.org\/\"><img loading=\"lazy\" src=\"https:\/\/www.festigual.com\/wp-content\/uploads\/2020\/10\/culturactiva_rect.jpg\" alt=\"imagen del logotipo de culturactiva\" class=\"wp-image-395\" width=\"131\" height=\"42\"\/><\/a><\/figure><\/div>\n<\/div>\n<\/div>\n<\/div>\n<\/div>\n\n<p><\/p>\n","protected":false},"excerpt":{"rendered":"<p>Visibilizaci\u00f3n del arte y la creaci\u00f3n como herramienta para la salud comunitariaCoordinaci\u00f3n y creaci\u00f3n del contenido: Rebeca Ponte y Carlota &#8230;<\/p>\n","protected":false},"author":2,"featured_media":0,"parent":0,"menu_order":0,"comment_status":"closed","ping_status":"closed","template":"template-homepage.php","meta":{"advgb_blocks_editor_width":"","advgb_blocks_columns_visual_guide":""},"yoast_head":"<!-- This site is optimized with the Yoast SEO plugin v15.1.1 - https:\/\/yoast.com\/wordpress\/plugins\/seo\/ -->\n<title>arteesaude | Festigual<\/title>\n<meta name=\"description\" content=\"Visibilizaci\u00f3n del arte y la creaci\u00f3n como herramienta para la salud comunitaria\" \/>\n<meta name=\"robots\" content=\"index, follow, max-snippet:-1, max-image-preview:large, max-video-preview:-1\" \/>\n<link rel=\"canonical\" href=\"https:\/\/www.festigual.gal\/es\/arteesaude\/\" \/>\n<meta property=\"og:locale\" content=\"es_ES\" \/>\n<meta property=\"og:type\" content=\"article\" \/>\n<meta property=\"og:title\" content=\"arteesaude | Festigual\" \/>\n<meta property=\"og:description\" content=\"Visibilizaci\u00f3n del arte y la creaci\u00f3n como herramienta para la salud comunitaria\" \/>\n<meta property=\"og:url\" content=\"https:\/\/www.festigual.gal\/es\/arteesaude\/\" \/>\n<meta property=\"og:site_name\" content=\"Festigual\" \/>\n<meta property=\"article:publisher\" content=\"https:\/\/www.facebook.com\/Festigual\/\" \/>\n<meta property=\"article:modified_time\" content=\"2021-11-19T11:15:15+00:00\" \/>\n<meta property=\"og:image\" content=\"https:\/\/www.festigual.com\/wp-content\/uploads\/2020\/10\/cabeceira_TW_FESTIGUAL20horizontal-scaled.jpg\" \/>\n<meta name=\"twitter:card\" content=\"summary_large_image\" \/>\n<script type=\"application\/ld+json\" class=\"yoast-schema-graph\">{\"@context\":\"https:\/\/schema.org\",\"@graph\":[{\"@type\":\"WebSite\",\"@id\":\"https:\/\/www.festigual.gal\/es\/#website\",\"url\":\"https:\/\/www.festigual.gal\/es\/\",\"name\":\"Festigual\",\"description\":\"Festigual \\u2014 Festival das Artes Inclusivas\",\"potentialAction\":[{\"@type\":\"SearchAction\",\"target\":\"https:\/\/www.festigual.gal\/es\/?s={search_term_string}\",\"query-input\":\"required name=search_term_string\"}],\"inLanguage\":\"es\"},{\"@type\":\"ImageObject\",\"@id\":\"https:\/\/www.festigual.gal\/es\/arteesaude\/#primaryimage\",\"inLanguage\":\"es\",\"url\":\"https:\/\/www.festigual.com\/wp-content\/uploads\/2021\/10\/cabecera_logo.png\"},{\"@type\":\"WebPage\",\"@id\":\"https:\/\/www.festigual.gal\/es\/arteesaude\/#webpage\",\"url\":\"https:\/\/www.festigual.gal\/es\/arteesaude\/\",\"name\":\"arteesaude | Festigual\",\"isPartOf\":{\"@id\":\"https:\/\/www.festigual.gal\/es\/#website\"},\"primaryImageOfPage\":{\"@id\":\"https:\/\/www.festigual.gal\/es\/arteesaude\/#primaryimage\"},\"datePublished\":\"2021-11-16T10:40:53+00:00\",\"dateModified\":\"2021-11-19T11:15:15+00:00\",\"description\":\"Visibilizaci\\u00f3n del arte y la creaci\\u00f3n como herramienta para la salud comunitaria\",\"inLanguage\":\"es\",\"potentialAction\":[{\"@type\":\"ReadAction\",\"target\":[\"https:\/\/www.festigual.gal\/es\/arteesaude\/\"]}]}]}<\/script>\n<!-- \/ Yoast SEO plugin. -->","_links":{"self":[{"href":"https:\/\/www.festigual.gal\/es\/wp-json\/wp\/v2\/pages\/2293\/"}],"collection":[{"href":"https:\/\/www.festigual.gal\/es\/wp-json\/wp\/v2\/pages\/"}],"about":[{"href":"https:\/\/www.festigual.gal\/es\/wp-json\/wp\/v2\/types\/page\/"}],"author":[{"embeddable":true,"href":"https:\/\/www.festigual.gal\/es\/wp-json\/wp\/v2\/users\/2\/"}],"replies":[{"embeddable":true,"href":"https:\/\/www.festigual.gal\/es\/wp-json\/wp\/v2\/comments\/?post=2293"}],"version-history":[{"count":23,"href":"https:\/\/www.festigual.gal\/es\/wp-json\/wp\/v2\/pages\/2293\/revisions\/"}],"predecessor-version":[{"id":2356,"href":"https:\/\/www.festigual.gal\/es\/wp-json\/wp\/v2\/pages\/2293\/revisions\/2356\/"}],"wp:attachment":[{"href":"https:\/\/www.festigual.gal\/es\/wp-json\/wp\/v2\/media\/?parent=2293"}],"curies":[{"name":"wp","href":"https:\/\/api.w.org\/{rel}","templated":true}]}}